{"id":40,"date":"2016-02-20T13:17:24","date_gmt":"2016-02-20T12:17:24","guid":{"rendered":"http:\/\/wordpress.gh-racing.de.w0128e6d.kasserver.com\/?page_id=40"},"modified":"2019-11-24T21:46:18","modified_gmt":"2019-11-24T20:46:18","slug":"fahrer","status":"publish","type":"page","link":"http:\/\/www.gh-racing.de\/?page_id=40","title":{"rendered":"Fahrer"},"content":{"rendered":"<table class=\"grayLayer alignleft\" border=\"0\" width=\"75%\" cellspacing=\"2\" cellpadding=\"2\" align=\"right\">\n<tbody>\n<tr>\n<td style=\"width: 130px; text-align: center; vertical-align: middle;\" align=\"left\" valign=\"top\" width=\"130\"><img loading=\"lazy\" class=\"alignnone wp-image-632 size-medium\" src=\"http:\/\/www.gh-racing.de\/wp-content\/uploads\/2016\/02\/HAR-Meisterfeier-2017_HCF_0192GH-300x195.jpg\" alt=\"\" width=\"300\" height=\"195\" srcset=\"http:\/\/www.gh-racing.de\/wp-content\/uploads\/2016\/02\/HAR-Meisterfeier-2017_HCF_0192GH-300x195.jpg 300w, http:\/\/www.gh-racing.de\/wp-content\/uploads\/2016\/02\/HAR-Meisterfeier-2017_HCF_0192GH-768x498.jpg 768w, http:\/\/www.gh-racing.de\/wp-content\/uploads\/2016\/02\/HAR-Meisterfeier-2017_HCF_0192GH-1024x664.jpg 1024w, http:\/\/www.gh-racing.de\/wp-content\/uploads\/2016\/02\/HAR-Meisterfeier-2017_HCF_0192GH.jpg 1920w\" sizes=\"(max-width: 300px) 100vw, 300px\" \/><br \/>\n<b><\/b><\/td>\n<td align=\"right\" valign=\"top\" width=\"130\"><b>Name<br \/>\n<\/b><b>Geburtsdatum<br \/>\nGr\u00f6\u00dfe<br \/>\nNationalit\u00e4t<br \/>\nFunktion im Team<br \/>\n<b>Rennerfolge<br \/>\nBeruf<br \/>\nHobby<\/b><br \/>\n<\/b><\/td>\n<td valign=\"top\">Gerd (King of Fire) Habermann<br \/>\n31.10.1961<br \/>\n193 cm<br \/>\ndeutsch<br \/>\nFahrer und Besitzer<br \/>\nGerman Dragrace Champion 2004-2008<br \/>\nDragsterfahrer<br \/>\nKartfahren<\/td>\n<\/tr>\n<\/tbody>\n<\/table>\n<p style=\"text-align: justify;\">Gerd Habermann ist seit 1980 in der Klasse Competition als Fahrer aktiv. Zwischen 1987 bis 1990 fuhr er auch noch ganz nebenbei Motor-Cross, wo er sehr erfolgreich ein Gespann fuhr und 1989 Deutscher Vizemeister wurde.<\/p>\n<p style=\"text-align: justify;\">Allerdings lie\u00df er in dieser Zeit den Dragstersport nicht ruhen und fuhr von 1988 bis 1990 parallel in der Klasse Street-Bike mit. Gerd baute 1986\/87 als erster Deutscher (unter mithilfe von Kent Trenneman)einen schnellen Blowensmallblock Dragster, den er damals auch sehr erfolgreich Pilotierte.<br \/>\nSeit 1991 widmet er sich wieder vollkommen der Klasse Competition.<\/p>\n<p style=\"text-align: justify;\">Zu seinen Erfolgen z\u00e4hlen die vierzehnfacher gewonnene HARA-Meisterschaft (1991 bis 1994 und 1996 bis 2006) und die offene Punktemeisterschaften der DRAG, die er 1999 und 2001 gewann.<\/p>\n<p style=\"text-align: justify;\">German Dragrace Champion 2004-2008<br \/>\nEuroparekordhalter, mehrfacher Holl\u00e4ndischer Meister<br \/>\nMittlerweile hat er eine Herausforderung gefunden, sein Jetfunnycar Dragon Hunter.<\/p>\n<p style=\"text-align: justify;\">Mit diesem Auto bekamm er von den Amis den Namen &#8222;KING OF FIRE&#8220;.<\/p>\n<p style=\"text-align: justify;\">Nun hat sich Gerd auch auf ein Bike geschwungen und fasziniert das Publikum mit dem &#8222;Hellfir&#8220; Jetbike mit 3500PS!!!<\/p>\n<p style=\"text-align: justify;\">Seit dieser Saison 2009,f\u00e4hrt Gerd auch noch seinen Street-Eliminator BMW selber und er\u00f6ffnet den Saison Auftakt in Bitburg gleich mit einem 2.Platz!<\/p>\n<p style=\"text-align: justify;\">Witerhin wird er in der Klasse Super-Cometition und in der Klasse SuperProEt an den Start gehen.<\/p>\n<p>Erfolge:<\/p>\n<table class=\"grayLayer alignleft\" style=\"height: 219px;\" border=\"0\" width=\"607\" cellspacing=\"2\" cellpadding=\"2\" align=\"right\">\n<tbody>\n<tr>\n<td style=\"width: 130px; text-align: center; vertical-align: middle;\" align=\"right\" valign=\"top\"><img loading=\"lazy\" class=\"alignnone size-medium wp-image-978\" src=\"http:\/\/www.gh-racing.de\/wp-content\/uploads\/2016\/02\/Team-Wagner__CF_0458-300x181.jpg\" alt=\"\" width=\"300\" height=\"181\" srcset=\"http:\/\/www.gh-racing.de\/wp-content\/uploads\/2016\/02\/Team-Wagner__CF_0458-300x181.jpg 300w, http:\/\/www.gh-racing.de\/wp-content\/uploads\/2016\/02\/Team-Wagner__CF_0458-768x463.jpg 768w, http:\/\/www.gh-racing.de\/wp-content\/uploads\/2016\/02\/Team-Wagner__CF_0458-1024x618.jpg 1024w, http:\/\/www.gh-racing.de\/wp-content\/uploads\/2016\/02\/Team-Wagner__CF_0458.jpg 1280w\" sizes=\"(max-width: 300px) 100vw, 300px\" \/><\/td>\n<td style=\"width: 130px;\" align=\"right\" valign=\"top\"><b>Name<br \/>\nGeburtsdatum<br \/>\nGr\u00f6\u00dfe<br \/>\nNationalit\u00e4t<br \/>\nFunktion im Team<br \/>\nRennerfolge<br \/>\nBeruf<br \/>\nHobby<br \/>\n<\/b><\/td>\n<td style=\"width: 319px;\" valign=\"top\">Chantal Wagner<br \/>\n.<br \/>\n.<br \/>\nDeutsch<br \/>\nJr. Dragster Pilot<br \/>\nGerd Habermann Racing Team<br \/>\nSiehe unten<br \/>\nSch\u00fclerin<br \/>\nDragracing<\/td>\n<\/tr>\n<\/tbody>\n<\/table>\n<div class=\"_4tdt _ua0\">\n<div class=\"_ua2\">\n<div class=\"_4tdv\">\n<div class=\"_5wd4 _1nc6 direction_ltr\">\n<div class=\"_h8t\">\n<div id=\"js_y\" class=\"_5wd9\" data-tooltip-content=\"21:40\" data-hover=\"tooltip\" data-tooltip-position=\"right\">\n<div class=\"_5wde _n4o\">\n<div class=\"_5w1r _3_om _5wdf\">\n<div class=\"_d97\"><\/div>\n<div class=\"_4gx_\">\n<div class=\"_d97\">2<span class=\"_5yl5\">. Platz Zerbst \/ Oktober 2019 (Erstes Rennen)<\/span><br \/>\n4. Platz HARA Meisterschaft JR Dragster 2019<\/p>\n<\/div>\n<\/div>\n<\/div>\n<\/div>\n<\/div>\n<\/div>\n<\/div>\n<\/div>\n<\/div>\n<\/div>\n","protected":false},"excerpt":{"rendered":"<div class=\"mh-excerpt\"><p>Name Geburtsdatum Gr\u00f6\u00dfe Nationalit\u00e4t Funktion im Team Rennerfolge Beruf Hobby Gerd (King of Fire) Habermann 31.10.1961 193 cm deutsch Fahrer und Besitzer German Dragrace Champion <a class=\"mh-excerpt-more\" href=\"http:\/\/www.gh-racing.de\/?page_id=40\" title=\"Fahrer\">[&#8230;]<\/a><\/p>\n<\/div>","protected":false},"author":1,"featured_media":0,"parent":0,"menu_order":0,"comment_status":"closed","ping_status":"closed","template":"","meta":[],"_links":{"self":[{"href":"http:\/\/www.gh-racing.de\/index.php?rest_route=\/wp\/v2\/pages\/40"}],"collection":[{"href":"http:\/\/www.gh-racing.de\/index.php?rest_route=\/wp\/v2\/pages"}],"about":[{"href":"http:\/\/www.gh-racing.de\/index.php?rest_route=\/wp\/v2\/types\/page"}],"author":[{"embeddable":true,"href":"http:\/\/www.gh-racing.de\/index.php?rest_route=\/wp\/v2\/users\/1"}],"replies":[{"embeddable":true,"href":"http:\/\/www.gh-racing.de\/index.php?rest_route=%2Fwp%2Fv2%2Fcomments&post=40"}],"version-history":[{"count":29,"href":"http:\/\/www.gh-racing.de\/index.php?rest_route=\/wp\/v2\/pages\/40\/revisions"}],"predecessor-version":[{"id":1078,"href":"http:\/\/www.gh-racing.de\/index.php?rest_route=\/wp\/v2\/pages\/40\/revisions\/1078"}],"wp:attachment":[{"href":"http:\/\/www.gh-racing.de\/index.php?rest_route=%2Fwp%2Fv2%2Fmedia&parent=40"}],"curies":[{"name":"wp","href":"https:\/\/api.w.org\/{rel}","templated":true}]}}